{"id":185,"date":"2023-10-08T22:26:14","date_gmt":"2023-10-08T20:26:14","guid":{"rendered":"https:\/\/alexandredebroas.com\/?page_id=185"},"modified":"2025-09-18T11:09:45","modified_gmt":"2025-09-18T09:09:45","slug":"manifeste","status":"publish","type":"page","link":"https:\/\/alexandredebroas.com\/index.php\/manifeste\/","title":{"rendered":"Hein ?!"},"content":{"rendered":"\n<h2 class=\"wp-block-heading has-text-align-center\">Entrepreneuriat &#8211; Sport &#8211; Aventure &#8211; Jeu<\/h2>\n\n\n\n<p class=\"has-text-align-left\">Quand j\u2019ai d\u00e9marr\u00e9 l\u2019entrepreneuriat, j\u2019ai d\u2019abord \u00e9t\u00e9 pris de panique. L\u2019ampleur de la t\u00e2che, les obligations, le stress\u2026 Je me suis demand\u00e9 pourquoi je m\u2019\u00e9tais embarqu\u00e9 l\u00e0-dedans. Les d\u00e9buts ont \u00e9t\u00e9 rudes, chaque nouveaut\u00e9 apportait son lot de d\u00e9fis. Clairement, je n\u2019\u00e9tais pas pr\u00eat.<\/p>\n\n\n\n<p>Puis, petit \u00e0 petit, j\u2019ai appris : la r\u00e9silience, la gestion du stress, l\u2019acceptation de l\u2019inconnu. Apr\u00e8s les premi\u00e8res temp\u00eates, on d\u00e9couvre un plaisir profond : celui d\u2019avancer malgr\u00e9 tout, et de se sentir f\u00e9rocement vivant.<\/p>\n\n\n\n<p>Mon parcours universitaire \u2013 une licence en \u00e9conomie\/gestion \u00e0 Rouen puis un master en \u00e9cole de commerce \u00e0 Marseille \u2013 m\u2019a apport\u00e9 de solides bases th\u00e9oriques et une ouverture pr\u00e9cieuse. Mais la r\u00e9alit\u00e9 de l\u2019entrepreneuriat, elle, ne s\u2019apprend vraiment que sur le terrain : la cr\u00e9ation concr\u00e8te d\u2019une entreprise, la mise au service de ses collaborateurs, la gestion des crises et de l\u2019impr\u00e9vu. Tout cela, je l\u2019ai d\u00e9couvert au fil des exp\u00e9riences.<\/p>\n\n\n\n<p>Avant BrewSociety.fr, j\u2019ai cr\u00e9\u00e9 plusieurs entreprises. Toutes ont \u00e9chou\u00e9. Mais chacune m\u2019a pr\u00e9par\u00e9. En 2019, je me suis lanc\u00e9 dans l\u2019aventure BrewSociety.fr, un centre de formation en production de boissons. Trois ans plus tard, nous franchissions le cap du chiffre d\u2019affaires \u00e0 7 chiffres.<\/p>\n\n\n\n<p>L\u2019entrepreneuriat \u00e9tait un r\u00eave d\u2019enfant. Aujourd\u2019hui, c\u2019est mon quotidien. Avec ses pi\u00e8ges et son adversit\u00e9, mais aussi ses bonheurs plus intenses que la normale.<\/p>\n\n\n\n<p>Ce blog est n\u00e9 de cette exp\u00e9rience. Ici, j\u2019aborde des probl\u00e9matiques entrepreneuriales et des sujets essentiels \u00e0 la croissance personnelle. Mais aussi mes autres passions : le sport, le jeu, et l\u2019envie de vivre de vraies aventures.<\/p>\n\n\n\n<p class=\"has-text-align-left\">Il n\u2019a aucune pr\u00e9tention, si ce n\u2019est celle de partager. Si vous \u00eates entrepreneur dans le doute, ou futur entrepreneur pr\u00eat \u00e0 vous lancer, j\u2019esp\u00e8re que vous trouverez ici des \u00e9l\u00e9ments pour avancer, grandir, comprendre, et faire vos propres choix.<\/p>\n\n\n\n<p class=\"has-text-align-right\">Alexandre DEBROAS<\/p>\n\n\n\n<p><\/p>\n","protected":false},"excerpt":{"rendered":"<p>Entrepreneuriat &#8211; Sport &#8211; Aventure &#8211; Jeu Quand j\u2019ai d\u00e9marr\u00e9 l\u2019entrepreneuriat, j\u2019ai d\u2019abord \u00e9t\u00e9 pris de panique. L\u2019ampleur de la t\u00e2che, les obligations, le stress\u2026 Je me suis demand\u00e9 pourquoi je m\u2019\u00e9tais embarqu\u00e9 l\u00e0-dedans. Les d\u00e9buts ont \u00e9t\u00e9 rudes, chaque nouveaut\u00e9 apportait son lot de d\u00e9fis. Clairement, je n\u2019\u00e9tais pas pr\u00eat. Puis, petit \u00e0 petit, [&hellip;]<\/p>\n","protected":false},"author":1,"featured_media":0,"parent":0,"menu_order":0,"comment_status":"closed","ping_status":"closed","template":"","meta":{"_themeisle_gutenberg_block_has_review":false,"footnotes":""},"class_list":["post-185","page","type-page","status-publish","hentry"],"_links":{"self":[{"href":"https:\/\/alexandredebroas.com\/index.php\/wp-json\/wp\/v2\/pages\/185","targetHints":{"allow":["GET"]}}],"collection":[{"href":"https:\/\/alexandredebroas.com\/index.php\/wp-json\/wp\/v2\/pages"}],"about":[{"href":"https:\/\/alexandredebroas.com\/index.php\/wp-json\/wp\/v2\/types\/page"}],"author":[{"embeddable":true,"href":"https:\/\/alexandredebroas.com\/index.php\/wp-json\/wp\/v2\/users\/1"}],"replies":[{"embeddable":true,"href":"https:\/\/alexandredebroas.com\/index.php\/wp-json\/wp\/v2\/comments?post=185"}],"version-history":[{"count":9,"href":"https:\/\/alexandredebroas.com\/index.php\/wp-json\/wp\/v2\/pages\/185\/revisions"}],"predecessor-version":[{"id":216,"href":"https:\/\/alexandredebroas.com\/index.php\/wp-json\/wp\/v2\/pages\/185\/revisions\/216"}],"wp:attachment":[{"href":"https:\/\/alexandredebroas.com\/index.php\/wp-json\/wp\/v2\/media?parent=185"}],"curies":[{"name":"wp","href":"https:\/\/api.w.org\/{rel}","templated":true}]}}