{"id":218,"date":"2025-09-18T11:16:02","date_gmt":"2025-09-18T09:16:02","guid":{"rendered":"https:\/\/alexandredebroas.com\/?page_id=218"},"modified":"2025-09-18T12:12:17","modified_gmt":"2025-09-18T10:12:17","slug":"liens","status":"publish","type":"page","link":"https:\/\/alexandredebroas.com\/index.php\/liens\/","title":{"rendered":"M\u00e9dias"},"content":{"rendered":"\n<p>Articles &amp; Liens m\u00e9diathiques<\/p>\n\n\n\n<hr class=\"wp-block-separator has-alpha-channel-opacity\"\/>\n\n\n\n<p><mark style=\"background-color:rgba(0, 0, 0, 0);color:#000000\" class=\"has-inline-color\"><strong>Article Le Parisien sur les d\u00e9buts de notre marque de bi\u00e8re \u00ab\u00a0La Cornue\u00a0\u00bb <\/strong><\/mark><\/p>\n\n\n\n<p><a href=\"https:\/\/www.leparisien.fr\/societe\/concue-et-brassee-a-rouen-la-biere-la-cornue-remporte-un-veritable-succes-20-11-2019-8197593.php\">https:\/\/www.leparisien.fr\/societe\/concue-et-brassee-a-rouen-la-biere-la-cornue-remporte-un-veritable-succes-20-11-2019-8197593.php<\/a><\/p>\n\n\n\n<hr class=\"wp-block-separator has-alpha-channel-opacity\"\/>\n\n\n\n<p><strong>Article Le Parisien sur l&rsquo;activit\u00e9 de formation<\/strong><\/p>\n\n\n\n<p><a href=\"https:\/\/www.leparisien.fr\/seine-maritime-76\/a-la-brewfactory-de-rouen-brasser-de-la-biere-ca-sapprend-22-06-2022-YVOFUIW53FABJPTOZ5WVBEDTHY.php\">https:\/\/www.leparisien.fr\/seine-maritime-76\/a-la-brewfactory-de-rouen-brasser-de-la-biere-ca-sapprend-22-06-2022-YVOFUIW53FABJPTOZ5WVBEDTHY.php<\/a><\/p>\n\n\n\n<hr class=\"wp-block-separator has-alpha-channel-opacity\"\/>\n\n\n\n<p><strong>Playlist Youtube sur la vie d&rsquo;entrepreneur<\/strong><\/p>\n\n\n\n<figure class=\"wp-block-embed is-type-video is-provider-youtube wp-block-embed-youtube wp-embed-aspect-16-9 wp-has-aspect-ratio\"><div class=\"wp-block-embed__wrapper\">\n<iframe loading=\"lazy\" title=\"La vie d&#039;entrepreneur avec Alexandre DEBROAS fondateur de BrewSociety\" width=\"500\" height=\"281\" src=\"https:\/\/www.youtube.com\/embed\/videoseries?list=PLMoAbi88yRRl2svihO8Htv8tvdjJwUKck\" frameborder=\"0\" allow=\"accelerometer; autoplay; clipboard-write; encrypted-media; gyroscope; picture-in-picture; web-share\" referrerpolicy=\"strict-origin-when-cross-origin\" allowfullscreen><\/iframe>\n<\/div><\/figure>\n\n\n\n<hr class=\"wp-block-separator has-alpha-channel-opacity\"\/>\n\n\n\n<p><strong>Interview radio<\/strong><\/p>\n\n\n\n<figure class=\"wp-block-embed is-type-video is-provider-youtube wp-block-embed-youtube wp-embed-aspect-16-9 wp-has-aspect-ratio\"><div class=\"wp-block-embed__wrapper\">\n<iframe loading=\"lazy\" title=\"Mag Rouen - Le centre de formation brassicole Brew Society\" width=\"500\" height=\"281\" src=\"https:\/\/www.youtube.com\/embed\/d1VrjA7HKNk?feature=oembed\" frameborder=\"0\" allow=\"accelerometer; autoplay; clipboard-write; encrypted-media; gyroscope; picture-in-picture; web-share\" referrerpolicy=\"strict-origin-when-cross-origin\" allowfullscreen><\/iframe>\n<\/div><\/figure>\n","protected":false},"excerpt":{"rendered":"<p>Articles &amp; Liens m\u00e9diathiques Article Le Parisien sur les d\u00e9buts de notre marque de bi\u00e8re \u00ab\u00a0La Cornue\u00a0\u00bb https:\/\/www.leparisien.fr\/societe\/concue-et-brassee-a-rouen-la-biere-la-cornue-remporte-un-veritable-succes-20-11-2019-8197593.php Article Le Parisien sur l&rsquo;activit\u00e9 de formation https:\/\/www.leparisien.fr\/seine-maritime-76\/a-la-brewfactory-de-rouen-brasser-de-la-biere-ca-sapprend-22-06-2022-YVOFUIW53FABJPTOZ5WVBEDTHY.php Playlist Youtube sur la vie d&rsquo;entrepreneur Interview radio<\/p>\n","protected":false},"author":1,"featured_media":0,"parent":0,"menu_order":0,"comment_status":"closed","ping_status":"closed","template":"","meta":{"_themeisle_gutenberg_block_has_review":false,"footnotes":""},"class_list":["post-218","page","type-page","status-publish","hentry"],"_links":{"self":[{"href":"https:\/\/alexandredebroas.com\/index.php\/wp-json\/wp\/v2\/pages\/218","targetHints":{"allow":["GET"]}}],"collection":[{"href":"https:\/\/alexandredebroas.com\/index.php\/wp-json\/wp\/v2\/pages"}],"about":[{"href":"https:\/\/alexandredebroas.com\/index.php\/wp-json\/wp\/v2\/types\/page"}],"author":[{"embeddable":true,"href":"https:\/\/alexandredebroas.com\/index.php\/wp-json\/wp\/v2\/users\/1"}],"replies":[{"embeddable":true,"href":"https:\/\/alexandredebroas.com\/index.php\/wp-json\/wp\/v2\/comments?post=218"}],"version-history":[{"count":4,"href":"https:\/\/alexandredebroas.com\/index.php\/wp-json\/wp\/v2\/pages\/218\/revisions"}],"predecessor-version":[{"id":242,"href":"https:\/\/alexandredebroas.com\/index.php\/wp-json\/wp\/v2\/pages\/218\/revisions\/242"}],"wp:attachment":[{"href":"https:\/\/alexandredebroas.com\/index.php\/wp-json\/wp\/v2\/media?parent=218"}],"curies":[{"name":"wp","href":"https:\/\/api.w.org\/{rel}","templated":true}]}}